{"id":266,"date":"2022-04-14T09:59:16","date_gmt":"2022-04-14T07:59:16","guid":{"rendered":"http:\/\/www.toiture-pro.be\/?page_id=266"},"modified":"2022-04-15T15:34:16","modified_gmt":"2022-04-15T13:34:16","slug":"zinguerie","status":"publish","type":"page","link":"https:\/\/www.toiture-pro.be\/index.php\/services\/zinguerie\/","title":{"rendered":"Zinguerie"},"content":{"rendered":"\n<p><\/p>\n\n\n\n<div class=\"wp-block-media-text alignfull is-stacked-on-mobile is-vertically-aligned-center\" style=\"grid-template-columns:47% auto\"><figure class=\"wp-block-media-text__media\"><img loading=\"lazy\" decoding=\"async\" width=\"566\" height=\"291\" src=\"http:\/\/www.toiture-pro.be\/wp-content\/uploads\/2022\/04\/zinguerie-4-1.jpg\" alt=\"\" class=\"wp-image-468 size-full\" srcset=\"https:\/\/www.toiture-pro.be\/wp-content\/uploads\/2022\/04\/zinguerie-4-1.jpg 566w, https:\/\/www.toiture-pro.be\/wp-content\/uploads\/2022\/04\/zinguerie-4-1-300x154.jpg 300w\" sizes=\"auto, (max-width: 566px) 100vw, 566px\" \/><\/figure><div class=\"wp-block-media-text__content\">\n<p style=\"font-size:14px\">L&#8217;un n&#8217;allant pas sans l&#8217;autre, la zinguerie est n\u00e9cessaire lors de la r\u00e9novation ou de la construction de votre toiture.<br>En effet, la zinguerie permet elle aussi de prot\u00e9ger votre toiture.<\/p>\n\n\n\n<p style=\"font-size:14px\">Cela est d\u00fb au fait que la zinguerie permet de rediriger l&#8217;eau de pluie \u00e0 un endroit voulu, que ce soit gr\u00e2ce \u00e0 des goutti\u00e8res, des ch\u00e9neaux ou des descentes. Tout cela permet d&#8217;\u00e9viter les fuites.<\/p>\n<\/div><\/div>\n\n\n\n<p> <\/p>\n\n\n\n<div class=\"wp-block-media-text alignfull has-media-on-the-right is-stacked-on-mobile is-vertically-aligned-center\" style=\"grid-template-columns:auto 49%\"><figure class=\"wp-block-media-text__media\"><img loading=\"lazy\" decoding=\"async\" width=\"351\" height=\"143\" src=\"http:\/\/www.toiture-pro.be\/wp-content\/uploads\/2022\/04\/zinguerie-2-1.jpg\" alt=\"\" class=\"wp-image-466 size-full\" srcset=\"https:\/\/www.toiture-pro.be\/wp-content\/uploads\/2022\/04\/zinguerie-2-1.jpg 351w, https:\/\/www.toiture-pro.be\/wp-content\/uploads\/2022\/04\/zinguerie-2-1-300x122.jpg 300w\" sizes=\"auto, (max-width: 351px) 100vw, 351px\" \/><\/figure><div class=\"wp-block-media-text__content\">\n<p style=\"font-size:14px\">Lorsque nous intervenons sur votre zinguerie, nous n&#8217;utilisons que des \u00e9l\u00e9ments en zinc.<\/p>\n\n\n\n<p style=\"font-size:14px\">C&#8217;est le meilleur mat\u00e9riaux pour \u00e9viter les fuites et infiltrations d&#8217;eau.<\/p>\n<\/div><\/div>\n\n\n\n<p><\/p>\n\n\n\n<p><\/p>\n\n\n\n<figure class=\"wp-block-image size-large is-resized\"><img loading=\"lazy\" decoding=\"async\" src=\"http:\/\/www.toiture-pro.be\/wp-content\/uploads\/2022\/04\/goutiere-zinc-1024x681.jpg\" alt=\"\" class=\"wp-image-303\" width=\"1202\" height=\"798\" srcset=\"https:\/\/www.toiture-pro.be\/wp-content\/uploads\/2022\/04\/goutiere-zinc-1024x681.jpg 1024w, https:\/\/www.toiture-pro.be\/wp-content\/uploads\/2022\/04\/goutiere-zinc-300x200.jpg 300w, https:\/\/www.toiture-pro.be\/wp-content\/uploads\/2022\/04\/goutiere-zinc-768x511.jpg 768w\" sizes=\"auto, (max-width: 1202px) 100vw, 1202px\" \/><\/figure>\n\n\n\n<p><\/p>\n\n\n\n<p><\/p>\n","protected":false},"excerpt":{"rendered":"<p>L&#8217;un n&#8217;allant pas sans l&#8217;autre, la zinguerie est n\u00e9cessaire lors de la r\u00e9novation ou de la construction de votre toiture.En effet, la zinguerie permet elle aussi de prot\u00e9ger votre toiture. Cela est d\u00fb au fait que la zinguerie permet de rediriger l&#8217;eau de pluie \u00e0 un endroit voulu, que ce soit gr\u00e2ce \u00e0 des goutti\u00e8res, &hellip; <\/p>\n<p class=\"link-more\"><a href=\"https:\/\/www.toiture-pro.be\/index.php\/services\/zinguerie\/\" class=\"more-link\">Continue reading<span class=\"screen-reader-text\"> &#8220;Zinguerie&#8221;<\/span><\/a><\/p>\n","protected":false},"author":1,"featured_media":0,"parent":283,"menu_order":2,"comment_status":"closed","ping_status":"closed","template":"","meta":{"footnotes":""},"class_list":["post-266","page","type-page","status-publish","hentry"],"yoast_head":"<!-- This site is optimized with the Yoast SEO plugin v21.7 - https:\/\/yoast.com\/wordpress\/plugins\/seo\/ -->\n<title>Zinguerie - Toiture Pro<\/title>\n<meta name=\"robots\" content=\"index, follow, max-snippet:-1, max-image-preview:large, max-video-preview:-1\" \/>\n<link rel=\"canonical\" href=\"https:\/\/www.toiture-pro.be\/index.php\/services\/zinguerie\/\" \/>\n<meta property=\"og:locale\" content=\"fr_FR\" \/>\n<meta property=\"og:type\" content=\"article\" \/>\n<meta property=\"og:title\" content=\"Zinguerie - Toiture Pro\" \/>\n<meta property=\"og:description\" content=\"L&#8217;un n&#8217;allant pas sans l&#8217;autre, la zinguerie est n\u00e9cessaire lors de la r\u00e9novation ou de la construction de votre toiture.En effet, la zinguerie permet elle aussi de prot\u00e9ger votre toiture. Cela est d\u00fb au fait que la zinguerie permet de rediriger l&#8217;eau de pluie \u00e0 un endroit voulu, que ce soit gr\u00e2ce \u00e0 des goutti\u00e8res, &hellip; Continue reading &quot;Zinguerie&quot;\" \/>\n<meta property=\"og:url\" content=\"https:\/\/www.toiture-pro.be\/index.php\/services\/zinguerie\/\" \/>\n<meta property=\"og:site_name\" content=\"Toiture Pro\" \/>\n<meta property=\"article:modified_time\" content=\"2022-04-15T13:34:16+00:00\" \/>\n<meta property=\"og:image\" content=\"http:\/\/www.toiture-pro.be\/wp-content\/uploads\/2022\/04\/zinguerie-4-1.jpg\" \/>\n<meta name=\"twitter:card\" content=\"summary_large_image\" \/>\n<script type=\"application\/ld+json\" class=\"yoast-schema-graph\">{\"@context\":\"https:\/\/schema.org\",\"@graph\":[{\"@type\":\"WebPage\",\"@id\":\"https:\/\/www.toiture-pro.be\/index.php\/services\/zinguerie\/\",\"url\":\"https:\/\/www.toiture-pro.be\/index.php\/services\/zinguerie\/\",\"name\":\"Zinguerie - Toiture Pro\",\"isPartOf\":{\"@id\":\"https:\/\/www.toiture-pro.be\/#website\"},\"datePublished\":\"2022-04-14T07:59:16+00:00\",\"dateModified\":\"2022-04-15T13:34:16+00:00\",\"breadcrumb\":{\"@id\":\"https:\/\/www.toiture-pro.be\/index.php\/services\/zinguerie\/#breadcrumb\"},\"inLanguage\":\"fr-FR\",\"potentialAction\":[{\"@type\":\"ReadAction\",\"target\":[\"https:\/\/www.toiture-pro.be\/index.php\/services\/zinguerie\/\"]}]},{\"@type\":\"BreadcrumbList\",\"@id\":\"https:\/\/www.toiture-pro.be\/index.php\/services\/zinguerie\/#breadcrumb\",\"itemListElement\":[{\"@type\":\"ListItem\",\"position\":1,\"name\":\"Accueil\",\"item\":\"https:\/\/www.toiture-pro.be\/\"},{\"@type\":\"ListItem\",\"position\":2,\"name\":\"Services\",\"item\":\"https:\/\/www.toiture-pro.be\/index.php\/services\/\"},{\"@type\":\"ListItem\",\"position\":3,\"name\":\"Zinguerie\"}]},{\"@type\":\"WebSite\",\"@id\":\"https:\/\/www.toiture-pro.be\/#website\",\"url\":\"https:\/\/www.toiture-pro.be\/\",\"name\":\"Toiture Pro\",\"description\":\"Un point c&#039;est Toit !\",\"publisher\":{\"@id\":\"https:\/\/www.toiture-pro.be\/#organization\"},\"potentialAction\":[{\"@type\":\"SearchAction\",\"target\":{\"@type\":\"EntryPoint\",\"urlTemplate\":\"https:\/\/www.toiture-pro.be\/?s={search_term_string}\"},\"query-input\":\"required name=search_term_string\"}],\"inLanguage\":\"fr-FR\"},{\"@type\":\"Organization\",\"@id\":\"https:\/\/www.toiture-pro.be\/#organization\",\"name\":\"Toiture Pro\",\"url\":\"https:\/\/www.toiture-pro.be\/\",\"logo\":{\"@type\":\"ImageObject\",\"inLanguage\":\"fr-FR\",\"@id\":\"https:\/\/www.toiture-pro.be\/#\/schema\/logo\/image\/\",\"url\":\"https:\/\/www.toiture-pro.be\/wp-content\/uploads\/2022\/04\/cropped-logo-2-new-ok.jpg\",\"contentUrl\":\"https:\/\/www.toiture-pro.be\/wp-content\/uploads\/2022\/04\/cropped-logo-2-new-ok.jpg\",\"width\":240,\"height\":113,\"caption\":\"Toiture Pro\"},\"image\":{\"@id\":\"https:\/\/www.toiture-pro.be\/#\/schema\/logo\/image\/\"}}]}<\/script>\n<!-- \/ Yoast SEO plugin. -->","yoast_head_json":{"title":"Zinguerie - Toiture Pro","robots":{"index":"index","follow":"follow","max-snippet":"max-snippet:-1","max-image-preview":"max-image-preview:large","max-video-preview":"max-video-preview:-1"},"canonical":"https:\/\/www.toiture-pro.be\/index.php\/services\/zinguerie\/","og_locale":"fr_FR","og_type":"article","og_title":"Zinguerie - Toiture Pro","og_description":"L&#8217;un n&#8217;allant pas sans l&#8217;autre, la zinguerie est n\u00e9cessaire lors de la r\u00e9novation ou de la construction de votre toiture.En effet, la zinguerie permet elle aussi de prot\u00e9ger votre toiture. Cela est d\u00fb au fait que la zinguerie permet de rediriger l&#8217;eau de pluie \u00e0 un endroit voulu, que ce soit gr\u00e2ce \u00e0 des goutti\u00e8res, &hellip; Continue reading \"Zinguerie\"","og_url":"https:\/\/www.toiture-pro.be\/index.php\/services\/zinguerie\/","og_site_name":"Toiture Pro","article_modified_time":"2022-04-15T13:34:16+00:00","og_image":[{"url":"http:\/\/www.toiture-pro.be\/wp-content\/uploads\/2022\/04\/zinguerie-4-1.jpg"}],"twitter_card":"summary_large_image","schema":{"@context":"https:\/\/schema.org","@graph":[{"@type":"WebPage","@id":"https:\/\/www.toiture-pro.be\/index.php\/services\/zinguerie\/","url":"https:\/\/www.toiture-pro.be\/index.php\/services\/zinguerie\/","name":"Zinguerie - Toiture Pro","isPartOf":{"@id":"https:\/\/www.toiture-pro.be\/#website"},"datePublished":"2022-04-14T07:59:16+00:00","dateModified":"2022-04-15T13:34:16+00:00","breadcrumb":{"@id":"https:\/\/www.toiture-pro.be\/index.php\/services\/zinguerie\/#breadcrumb"},"inLanguage":"fr-FR","potentialAction":[{"@type":"ReadAction","target":["https:\/\/www.toiture-pro.be\/index.php\/services\/zinguerie\/"]}]},{"@type":"BreadcrumbList","@id":"https:\/\/www.toiture-pro.be\/index.php\/services\/zinguerie\/#breadcrumb","itemListElement":[{"@type":"ListItem","position":1,"name":"Accueil","item":"https:\/\/www.toiture-pro.be\/"},{"@type":"ListItem","position":2,"name":"Services","item":"https:\/\/www.toiture-pro.be\/index.php\/services\/"},{"@type":"ListItem","position":3,"name":"Zinguerie"}]},{"@type":"WebSite","@id":"https:\/\/www.toiture-pro.be\/#website","url":"https:\/\/www.toiture-pro.be\/","name":"Toiture Pro","description":"Un point c&#039;est Toit !","publisher":{"@id":"https:\/\/www.toiture-pro.be\/#organization"},"potentialAction":[{"@type":"SearchAction","target":{"@type":"EntryPoint","urlTemplate":"https:\/\/www.toiture-pro.be\/?s={search_term_string}"},"query-input":"required name=search_term_string"}],"inLanguage":"fr-FR"},{"@type":"Organization","@id":"https:\/\/www.toiture-pro.be\/#organization","name":"Toiture Pro","url":"https:\/\/www.toiture-pro.be\/","logo":{"@type":"ImageObject","inLanguage":"fr-FR","@id":"https:\/\/www.toiture-pro.be\/#\/schema\/logo\/image\/","url":"https:\/\/www.toiture-pro.be\/wp-content\/uploads\/2022\/04\/cropped-logo-2-new-ok.jpg","contentUrl":"https:\/\/www.toiture-pro.be\/wp-content\/uploads\/2022\/04\/cropped-logo-2-new-ok.jpg","width":240,"height":113,"caption":"Toiture Pro"},"image":{"@id":"https:\/\/www.toiture-pro.be\/#\/schema\/logo\/image\/"}}]}},"_links":{"self":[{"href":"https:\/\/www.toiture-pro.be\/index.php\/wp-json\/wp\/v2\/pages\/266","targetHints":{"allow":["GET"]}}],"collection":[{"href":"https:\/\/www.toiture-pro.be\/index.php\/wp-json\/wp\/v2\/pages"}],"about":[{"href":"https:\/\/www.toiture-pro.be\/index.php\/wp-json\/wp\/v2\/types\/page"}],"author":[{"embeddable":true,"href":"https:\/\/www.toiture-pro.be\/index.php\/wp-json\/wp\/v2\/users\/1"}],"replies":[{"embeddable":true,"href":"https:\/\/www.toiture-pro.be\/index.php\/wp-json\/wp\/v2\/comments?post=266"}],"version-history":[{"count":15,"href":"https:\/\/www.toiture-pro.be\/index.php\/wp-json\/wp\/v2\/pages\/266\/revisions"}],"predecessor-version":[{"id":518,"href":"https:\/\/www.toiture-pro.be\/index.php\/wp-json\/wp\/v2\/pages\/266\/revisions\/518"}],"up":[{"embeddable":true,"href":"https:\/\/www.toiture-pro.be\/index.php\/wp-json\/wp\/v2\/pages\/283"}],"wp:attachment":[{"href":"https:\/\/www.toiture-pro.be\/index.php\/wp-json\/wp\/v2\/media?parent=266"}],"curies":[{"name":"wp","href":"https:\/\/api.w.org\/{rel}","templated":true}]}}