{"id":286,"date":"2022-04-14T10:07:52","date_gmt":"2022-04-14T08:07:52","guid":{"rendered":"http:\/\/www.toiture-pro.be\/?page_id=286"},"modified":"2022-04-15T16:24:35","modified_gmt":"2022-04-15T14:24:35","slug":"isolation","status":"publish","type":"page","link":"https:\/\/www.toiture-pro.be\/index.php\/services\/isolation\/","title":{"rendered":"Isolation"},"content":{"rendered":"\n<p>L&#8217;isolation est tr\u00e8s importante lors de la construction ou la r\u00e9novation de votre habitation, notamment pour l&#8217;am\u00e9nagement de vos combles.<br>Mais isoler sa toiture permet \u00e9galement de ne pas avoir de d\u00e9perdition de chaleur et ainsi r\u00e9duire vos factures de chauffage car les ponts thermiques seront r\u00e9duits.<\/p>\n\n\n\n<figure class=\"wp-block-image size-full\"><img loading=\"lazy\" decoding=\"async\" width=\"1024\" height=\"768\" src=\"http:\/\/www.toiture-pro.be\/wp-content\/uploads\/2022\/04\/couverture-de-toiture-pro.jpg\" alt=\"\" class=\"wp-image-321\" srcset=\"https:\/\/www.toiture-pro.be\/wp-content\/uploads\/2022\/04\/couverture-de-toiture-pro.jpg 1024w, https:\/\/www.toiture-pro.be\/wp-content\/uploads\/2022\/04\/couverture-de-toiture-pro-300x225.jpg 300w, https:\/\/www.toiture-pro.be\/wp-content\/uploads\/2022\/04\/couverture-de-toiture-pro-768x576.jpg 768w\" sizes=\"auto, (max-width: 1024px) 100vw, 1024px\" \/><\/figure>\n\n\n\n<p>L&#8217;isolation thermique par l&#8217;int\u00e9rieur est donc un tr\u00e8s bon choix qui permet \u00e9galement une isolation phonique.<\/p>\n\n\n\n<figure class=\"wp-block-image size-full is-resized\"><img loading=\"lazy\" decoding=\"async\" src=\"http:\/\/www.toiture-pro.be\/wp-content\/uploads\/2022\/04\/couverture-toiture-pro.jpg\" alt=\"\" class=\"wp-image-322\" width=\"1025\" height=\"364\" srcset=\"https:\/\/www.toiture-pro.be\/wp-content\/uploads\/2022\/04\/couverture-toiture-pro.jpg 819w, https:\/\/www.toiture-pro.be\/wp-content\/uploads\/2022\/04\/couverture-toiture-pro-300x106.jpg 300w, https:\/\/www.toiture-pro.be\/wp-content\/uploads\/2022\/04\/couverture-toiture-pro-768x272.jpg 768w\" sizes=\"auto, (max-width: 1025px) 100vw, 1025px\" \/><\/figure>\n\n\n\n<p><\/p>\n\n\n\n<p><\/p>\n","protected":false},"excerpt":{"rendered":"<p>L&#8217;isolation est tr\u00e8s importante lors de la construction ou la r\u00e9novation de votre habitation, notamment pour l&#8217;am\u00e9nagement de vos combles.Mais isoler sa toiture permet \u00e9galement de ne pas avoir de d\u00e9perdition de chaleur et ainsi r\u00e9duire vos factures de chauffage car les ponts thermiques seront r\u00e9duits. L&#8217;isolation thermique par l&#8217;int\u00e9rieur est donc un tr\u00e8s bon &hellip; <\/p>\n<p class=\"link-more\"><a href=\"https:\/\/www.toiture-pro.be\/index.php\/services\/isolation\/\" class=\"more-link\">Continue reading<span class=\"screen-reader-text\"> &#8220;Isolation&#8221;<\/span><\/a><\/p>\n","protected":false},"author":1,"featured_media":0,"parent":283,"menu_order":4,"comment_status":"closed","ping_status":"closed","template":"","meta":{"footnotes":""},"class_list":["post-286","page","type-page","status-publish","hentry"],"yoast_head":"<!-- This site is optimized with the Yoast SEO plugin v21.7 - https:\/\/yoast.com\/wordpress\/plugins\/seo\/ -->\n<title>Isolation - Toiture Pro<\/title>\n<meta name=\"robots\" content=\"index, follow, max-snippet:-1, max-image-preview:large, max-video-preview:-1\" \/>\n<link rel=\"canonical\" href=\"https:\/\/www.toiture-pro.be\/index.php\/services\/isolation\/\" \/>\n<meta property=\"og:locale\" content=\"fr_FR\" \/>\n<meta property=\"og:type\" content=\"article\" \/>\n<meta property=\"og:title\" content=\"Isolation - Toiture Pro\" \/>\n<meta property=\"og:description\" content=\"L&#8217;isolation est tr\u00e8s importante lors de la construction ou la r\u00e9novation de votre habitation, notamment pour l&#8217;am\u00e9nagement de vos combles.Mais isoler sa toiture permet \u00e9galement de ne pas avoir de d\u00e9perdition de chaleur et ainsi r\u00e9duire vos factures de chauffage car les ponts thermiques seront r\u00e9duits. L&#8217;isolation thermique par l&#8217;int\u00e9rieur est donc un tr\u00e8s bon &hellip; Continue reading &quot;Isolation&quot;\" \/>\n<meta property=\"og:url\" content=\"https:\/\/www.toiture-pro.be\/index.php\/services\/isolation\/\" \/>\n<meta property=\"og:site_name\" content=\"Toiture Pro\" \/>\n<meta property=\"article:modified_time\" content=\"2022-04-15T14:24:35+00:00\" \/>\n<meta property=\"og:image\" content=\"http:\/\/www.toiture-pro.be\/wp-content\/uploads\/2022\/04\/couverture-de-toiture-pro.jpg\" \/>\n<meta name=\"twitter:card\" content=\"summary_large_image\" \/>\n<script type=\"application\/ld+json\" class=\"yoast-schema-graph\">{\"@context\":\"https:\/\/schema.org\",\"@graph\":[{\"@type\":\"WebPage\",\"@id\":\"https:\/\/www.toiture-pro.be\/index.php\/services\/isolation\/\",\"url\":\"https:\/\/www.toiture-pro.be\/index.php\/services\/isolation\/\",\"name\":\"Isolation - Toiture Pro\",\"isPartOf\":{\"@id\":\"https:\/\/www.toiture-pro.be\/#website\"},\"datePublished\":\"2022-04-14T08:07:52+00:00\",\"dateModified\":\"2022-04-15T14:24:35+00:00\",\"breadcrumb\":{\"@id\":\"https:\/\/www.toiture-pro.be\/index.php\/services\/isolation\/#breadcrumb\"},\"inLanguage\":\"fr-FR\",\"potentialAction\":[{\"@type\":\"ReadAction\",\"target\":[\"https:\/\/www.toiture-pro.be\/index.php\/services\/isolation\/\"]}]},{\"@type\":\"BreadcrumbList\",\"@id\":\"https:\/\/www.toiture-pro.be\/index.php\/services\/isolation\/#breadcrumb\",\"itemListElement\":[{\"@type\":\"ListItem\",\"position\":1,\"name\":\"Accueil\",\"item\":\"https:\/\/www.toiture-pro.be\/\"},{\"@type\":\"ListItem\",\"position\":2,\"name\":\"Services\",\"item\":\"https:\/\/www.toiture-pro.be\/index.php\/services\/\"},{\"@type\":\"ListItem\",\"position\":3,\"name\":\"Isolation\"}]},{\"@type\":\"WebSite\",\"@id\":\"https:\/\/www.toiture-pro.be\/#website\",\"url\":\"https:\/\/www.toiture-pro.be\/\",\"name\":\"Toiture Pro\",\"description\":\"Un point c&#039;est Toit !\",\"publisher\":{\"@id\":\"https:\/\/www.toiture-pro.be\/#organization\"},\"potentialAction\":[{\"@type\":\"SearchAction\",\"target\":{\"@type\":\"EntryPoint\",\"urlTemplate\":\"https:\/\/www.toiture-pro.be\/?s={search_term_string}\"},\"query-input\":\"required name=search_term_string\"}],\"inLanguage\":\"fr-FR\"},{\"@type\":\"Organization\",\"@id\":\"https:\/\/www.toiture-pro.be\/#organization\",\"name\":\"Toiture Pro\",\"url\":\"https:\/\/www.toiture-pro.be\/\",\"logo\":{\"@type\":\"ImageObject\",\"inLanguage\":\"fr-FR\",\"@id\":\"https:\/\/www.toiture-pro.be\/#\/schema\/logo\/image\/\",\"url\":\"https:\/\/www.toiture-pro.be\/wp-content\/uploads\/2022\/04\/cropped-logo-2-new-ok.jpg\",\"contentUrl\":\"https:\/\/www.toiture-pro.be\/wp-content\/uploads\/2022\/04\/cropped-logo-2-new-ok.jpg\",\"width\":240,\"height\":113,\"caption\":\"Toiture Pro\"},\"image\":{\"@id\":\"https:\/\/www.toiture-pro.be\/#\/schema\/logo\/image\/\"}}]}<\/script>\n<!-- \/ Yoast SEO plugin. -->","yoast_head_json":{"title":"Isolation - Toiture Pro","robots":{"index":"index","follow":"follow","max-snippet":"max-snippet:-1","max-image-preview":"max-image-preview:large","max-video-preview":"max-video-preview:-1"},"canonical":"https:\/\/www.toiture-pro.be\/index.php\/services\/isolation\/","og_locale":"fr_FR","og_type":"article","og_title":"Isolation - Toiture Pro","og_description":"L&#8217;isolation est tr\u00e8s importante lors de la construction ou la r\u00e9novation de votre habitation, notamment pour l&#8217;am\u00e9nagement de vos combles.Mais isoler sa toiture permet \u00e9galement de ne pas avoir de d\u00e9perdition de chaleur et ainsi r\u00e9duire vos factures de chauffage car les ponts thermiques seront r\u00e9duits. L&#8217;isolation thermique par l&#8217;int\u00e9rieur est donc un tr\u00e8s bon &hellip; Continue reading \"Isolation\"","og_url":"https:\/\/www.toiture-pro.be\/index.php\/services\/isolation\/","og_site_name":"Toiture Pro","article_modified_time":"2022-04-15T14:24:35+00:00","og_image":[{"url":"http:\/\/www.toiture-pro.be\/wp-content\/uploads\/2022\/04\/couverture-de-toiture-pro.jpg"}],"twitter_card":"summary_large_image","schema":{"@context":"https:\/\/schema.org","@graph":[{"@type":"WebPage","@id":"https:\/\/www.toiture-pro.be\/index.php\/services\/isolation\/","url":"https:\/\/www.toiture-pro.be\/index.php\/services\/isolation\/","name":"Isolation - Toiture Pro","isPartOf":{"@id":"https:\/\/www.toiture-pro.be\/#website"},"datePublished":"2022-04-14T08:07:52+00:00","dateModified":"2022-04-15T14:24:35+00:00","breadcrumb":{"@id":"https:\/\/www.toiture-pro.be\/index.php\/services\/isolation\/#breadcrumb"},"inLanguage":"fr-FR","potentialAction":[{"@type":"ReadAction","target":["https:\/\/www.toiture-pro.be\/index.php\/services\/isolation\/"]}]},{"@type":"BreadcrumbList","@id":"https:\/\/www.toiture-pro.be\/index.php\/services\/isolation\/#breadcrumb","itemListElement":[{"@type":"ListItem","position":1,"name":"Accueil","item":"https:\/\/www.toiture-pro.be\/"},{"@type":"ListItem","position":2,"name":"Services","item":"https:\/\/www.toiture-pro.be\/index.php\/services\/"},{"@type":"ListItem","position":3,"name":"Isolation"}]},{"@type":"WebSite","@id":"https:\/\/www.toiture-pro.be\/#website","url":"https:\/\/www.toiture-pro.be\/","name":"Toiture Pro","description":"Un point c&#039;est Toit !","publisher":{"@id":"https:\/\/www.toiture-pro.be\/#organization"},"potentialAction":[{"@type":"SearchAction","target":{"@type":"EntryPoint","urlTemplate":"https:\/\/www.toiture-pro.be\/?s={search_term_string}"},"query-input":"required name=search_term_string"}],"inLanguage":"fr-FR"},{"@type":"Organization","@id":"https:\/\/www.toiture-pro.be\/#organization","name":"Toiture Pro","url":"https:\/\/www.toiture-pro.be\/","logo":{"@type":"ImageObject","inLanguage":"fr-FR","@id":"https:\/\/www.toiture-pro.be\/#\/schema\/logo\/image\/","url":"https:\/\/www.toiture-pro.be\/wp-content\/uploads\/2022\/04\/cropped-logo-2-new-ok.jpg","contentUrl":"https:\/\/www.toiture-pro.be\/wp-content\/uploads\/2022\/04\/cropped-logo-2-new-ok.jpg","width":240,"height":113,"caption":"Toiture Pro"},"image":{"@id":"https:\/\/www.toiture-pro.be\/#\/schema\/logo\/image\/"}}]}},"_links":{"self":[{"href":"https:\/\/www.toiture-pro.be\/index.php\/wp-json\/wp\/v2\/pages\/286","targetHints":{"allow":["GET"]}}],"collection":[{"href":"https:\/\/www.toiture-pro.be\/index.php\/wp-json\/wp\/v2\/pages"}],"about":[{"href":"https:\/\/www.toiture-pro.be\/index.php\/wp-json\/wp\/v2\/types\/page"}],"author":[{"embeddable":true,"href":"https:\/\/www.toiture-pro.be\/index.php\/wp-json\/wp\/v2\/users\/1"}],"replies":[{"embeddable":true,"href":"https:\/\/www.toiture-pro.be\/index.php\/wp-json\/wp\/v2\/comments?post=286"}],"version-history":[{"count":10,"href":"https:\/\/www.toiture-pro.be\/index.php\/wp-json\/wp\/v2\/pages\/286\/revisions"}],"predecessor-version":[{"id":536,"href":"https:\/\/www.toiture-pro.be\/index.php\/wp-json\/wp\/v2\/pages\/286\/revisions\/536"}],"up":[{"embeddable":true,"href":"https:\/\/www.toiture-pro.be\/index.php\/wp-json\/wp\/v2\/pages\/283"}],"wp:attachment":[{"href":"https:\/\/www.toiture-pro.be\/index.php\/wp-json\/wp\/v2\/media?parent=286"}],"curies":[{"name":"wp","href":"https:\/\/api.w.org\/{rel}","templated":true}]}}